{"id":913,"date":"2025-08-29T23:49:45","date_gmt":"2025-08-29T23:49:45","guid":{"rendered":"https:\/\/astourismtransport.com\/about\/"},"modified":"2026-01-31T20:30:26","modified_gmt":"2026-01-31T20:30:26","slug":"nosotros","status":"publish","type":"page","link":"https:\/\/astourismtransport.com\/en\/nosotros\/","title":{"rendered":"About us"},"content":{"rendered":"<div class=\"wp-block-uagb-container uagb-block-25efe059 alignfull uagb-is-root-container\"><div class=\"uagb-container-inner-blocks-wrap\">\n<div class=\"wp-block-uagb-advanced-heading uagb-block-152b2cf8\"><h1 class=\"uagb-heading-text\">Who are we?<\/h1><\/div>\n\n\n\n<p class=\"has-text-align-center has-medium-font-size\"><strong><mark style=\"background-color:rgba(0, 0, 0, 0);color:#ffffff\" class=\"has-inline-color\">The adventure behind A.S. Tourism Transport Service<\/mark><\/strong><\/p>\n<\/div><\/div>\n\n\n\n<div class=\"wp-block-uagb-container uagb-layout-grid uagb-block-c07c1ca2 alignfull uagb-is-root-container\"><div class=\"uagb-container-inner-blocks-wrap\">\n<div class=\"wp-block-uagb-info-box uagb-block-439a912a uagb-infobox__content-wrap  uagb-infobox-icon-above-title uagb-infobox-image-valign-top\"><div class=\"uagb-ifb-content\"><div class=\"uagb-ifb-title-wrap\"><h2 class=\"uagb-ifb-title\">History<\/h2><\/div><div class=\"uagb-ifb-separator\"><\/div><p class=\"uagb-ifb-desc\">It all began in 2008 with a dream shared by a couple: to introduce the world to the magic of Ecuador.<br>They knew that every trip is a story, and they wanted their travelers' stories to be unforgettable. The road was arduous and full of challenges, but every obstacle overcome became proof of their unwavering commitment. With every kilometer traveled and every smile from a tourist, their passion for service excellence grew, giving life to<strong> <\/strong>A.S. Tourism Transport Service.<br>Today, we are not just a transportation company. We are the result of a dream come true, a team of people dedicated to ensuring that your trip through Ecuador is safe, comfortable, and completely satisfying.<br>Each of our vehicles is ready to be part of your adventure. From the majestic peaks of the Andes to the lush Amazon rainforest, we are here to help you discover every corner, knowing that you are in the most reliable hands.<br>Our mission is to be the bridge between your dream of traveling and the reality of exploring, so that you leave with your heart full of memories and the certainty that your adventure through Ecuador was as unforgettable as ours.<\/p><\/div><\/div>\n\n\n\n<div class=\"wp-block-uagb-image uagb-block-c2362fda wp-block-uagb-image--layout-default wp-block-uagb-image--effect-static wp-block-uagb-image--align-none\"><figure class=\"wp-block-uagb-image__figure\"><img decoding=\"async\" srcset=\"https:\/\/astourismtransport.com\/wp-content\/uploads\/2021\/02\/outdoor-image-02.jpg ,https:\/\/astourismtransport.com\/wp-content\/uploads\/2021\/02\/outdoor-image-02.jpg 780w, https:\/\/astourismtransport.com\/wp-content\/uploads\/2021\/02\/outdoor-image-02.jpg 360w\" sizes=\"auto, (max-width: 480px) 150px\" src=\"https:\/\/astourismtransport.com\/wp-content\/uploads\/2021\/02\/outdoor-image-02.jpg\" alt=\"\" class=\"uag-image-910\" width=\"520\" height=\"347\" title=\"outdoor-image-02\" loading=\"lazy\" role=\"img\"\/><\/figure><\/div>\n<\/div><\/div>\n\n\n\n<div class=\"wp-block-uagb-container uagb-block-ada1b635 alignfull uagb-is-root-container\"><div class=\"uagb-container-inner-blocks-wrap\">\n<div class=\"wp-block-group is-layout-constrained wp-block-group-is-layout-constrained\">\n<div class=\"wp-block-uagb-advanced-heading uagb-block-85aae344\"><h4 class=\"uagb-heading-text\">Mision<\/h4><div class=\"uagb-separator\"><\/div><p class=\"uagb-desc-text\">To provide tourists in Ecuador with safe, comfortable, and efficient transportation services, ensuring an unforgettable travel experience.<\/p><\/div>\n\n\n\n<div class=\"wp-block-uagb-advanced-heading uagb-block-1b72bb38\"><h4 class=\"uagb-heading-text\">Vision<\/h4><div class=\"uagb-separator\"><\/div><\/div>\n<\/div>\n\n\n\n<div class=\"wp-block-uagb-container uagb-block-03a254f1\">\n<div class=\"wp-block-uagb-advanced-heading uagb-block-f897f70d\"><h4 class=\"uagb-heading-text\">Our values <\/h4><div class=\"uagb-separator\"><\/div><p class=\"uagb-desc-text\">A.S. Tourism Transport Service is your trusted partner for exploring Ecuador. We specialize in offering safe and comfortable private transportation services for tourists, ensuring an unforgettable travel experience.<\/p><\/div>\n\n\n\n<div class=\"wp-block-uagb-icon-list uagb-block-300b72ce\"><div class=\"uagb-icon-list__wrap\">\n<div class=\"wp-block-uagb-icon-list-child uagb-block-d455880d\"><a target=\"_self\" aria-label=\"Seguridad: Tu bienestar es nuestra m\u00e1xima prioridad.\" rel=\"noopener noreferrer\" href=\"#\"> <\/a><span class=\"uagb-icon-list__source-wrap\"><svg xmlns=\"https:\/\/www.w3.org\/2000\/svg\" viewbox=\"0 0 448 512\"><path d=\"M400 288h-352c-17.69 0-32-14.32-32-32.01s14.31-31.99 32-31.99h352c17.69 0 32 14.3 32 31.99S417.7 288 400 288z\"><\/path><\/svg><\/span><span class=\"uagb-icon-list__label\"><strong>Seguridad:<\/strong> Tu bienestar es nuestra m\u00e1xima prioridad.<\/span><\/div>\n\n\n\n<div class=\"wp-block-uagb-icon-list-child uagb-block-ded7d9ca\"><a target=\"_self\" aria-label=\"Confort: Garantizamos un viaje relajante y placentero.\" rel=\"noopener noreferrer\" href=\"#\"> <\/a><span class=\"uagb-icon-list__source-wrap\"><svg xmlns=\"https:\/\/www.w3.org\/2000\/svg\" viewbox=\"0 0 448 512\"><path d=\"M400 288h-352c-17.69 0-32-14.32-32-32.01s14.31-31.99 32-31.99h352c17.69 0 32 14.3 32 31.99S417.7 288 400 288z\"><\/path><\/svg><\/span><span class=\"uagb-icon-list__label\"><strong>Confort:<\/strong> Garantizamos un viaje relajante y placentero.<\/span><\/div>\n\n\n\n<div class=\"wp-block-uagb-icon-list-child uagb-block-381a9445\"><a target=\"_self\" aria-label=\"Puntualidad: Valoramos tu tiempo y tus planes.\" rel=\"noopener noreferrer\" href=\"#\"> <\/a><span class=\"uagb-icon-list__source-wrap\"><svg xmlns=\"https:\/\/www.w3.org\/2000\/svg\" viewbox=\"0 0 448 512\"><path d=\"M400 288h-352c-17.69 0-32-14.32-32-32.01s14.31-31.99 32-31.99h352c17.69 0 32 14.3 32 31.99S417.7 288 400 288z\"><\/path><\/svg><\/span><span class=\"uagb-icon-list__label\"><strong>Puntualidad:<\/strong> Valoramos tu tiempo y tus planes.<\/span><\/div>\n\n\n\n<div class=\"wp-block-uagb-icon-list-child uagb-block-a6db606b\"><a target=\"_self\" aria-label=\"Pasi\u00f3n por Ecuador: Somos embajadores de la belleza de nuestro pa\u00eds.\" rel=\"noopener noreferrer\" href=\"#\"> <\/a><span class=\"uagb-icon-list__source-wrap\"><svg xmlns=\"https:\/\/www.w3.org\/2000\/svg\" viewbox=\"0 0 448 512\"><path d=\"M400 288h-352c-17.69 0-32-14.32-32-32.01s14.31-31.99 32-31.99h352c17.69 0 32 14.3 32 31.99S417.7 288 400 288z\"><\/path><\/svg><\/span><span class=\"uagb-icon-list__label\"><strong>Pasi\u00f3n por Ecuador:<\/strong> Somos embajadores de la belleza de nuestro pa\u00eds.<\/span><\/div>\n<\/div><\/div>\n<\/div>\n<\/div><\/div>","protected":false},"excerpt":{"rendered":"<p>Qui\u00e9nes somos? La Aventura detr\u00e1s de A.S. Tourism Transport Service Misi\u00f3n Proporcionar a los turistas en Ecuador un servicio de transporte seguro, c\u00f3modo y eficiente, garantizando una experiencia de viaje inolvidable Visi\u00f3n Nuestros Valores A.S. Tourism Transport Service es tu socio de confianza para explorar Ecuador. Nos especializamos en ofrecer un servicio de transporte privado, [&hellip;]<\/p>","protected":false},"author":1,"featured_media":0,"parent":0,"menu_order":0,"comment_status":"closed","ping_status":"closed","template":"","meta":{"_surecart_dashboard_logo_width":"180px","_surecart_dashboard_show_logo":true,"_surecart_dashboard_navigation_orders":true,"_surecart_dashboard_navigation_invoices":true,"_surecart_dashboard_navigation_subscriptions":true,"_surecart_dashboard_navigation_downloads":true,"_surecart_dashboard_navigation_billing":true,"_surecart_dashboard_navigation_account":true,"_uag_custom_page_level_css":"","site-sidebar-layout":"no-sidebar","site-content-layout":"plain-container","ast-site-content-layout":"full-width-container","site-content-style":"unboxed","site-sidebar-style":"unboxed","ast-global-header-display":"","ast-banner-title-visibility":"","ast-main-header-display":"","ast-hfb-above-header-display":"","ast-hfb-below-header-display":"","ast-hfb-mobile-header-display":"","site-post-title":"disabled","ast-breadcrumbs-content":"","ast-featured-img":"disabled","footer-sml-layout":"","theme-transparent-header-meta":"enabled","adv-header-id-meta":"","stick-header-meta":"","header-above-stick-meta":"","header-main-stick-meta":"","header-below-stick-meta":"","astra-migrate-meta-layouts":"set","ast-page-background-enabled":"default","ast-page-background-meta":{"desktop":{"background-color":"","background-image":"","background-repeat":"repeat","background-position":"center center","background-size":"auto","background-attachment":"scroll","background-type":"","background-media":"","overlay-type":"","overlay-color":"","overlay-opacity":"","overlay-gradient":""},"tablet":{"background-color":"","background-image":"","background-repeat":"repeat","background-position":"center center","background-size":"auto","background-attachment":"scroll","background-type":"","background-media":"","overlay-type":"","overlay-color":"","overlay-opacity":"","overlay-gradient":""},"mobile":{"background-color":"","background-image":"","background-repeat":"repeat","background-position":"center center","background-size":"auto","background-attachment":"scroll","background-type":"","background-media":"","overlay-type":"","overlay-color":"","overlay-opacity":"","overlay-gradient":""}},"ast-content-background-meta":{"desktop":{"background-color":"var(--ast-global-color-5)","background-image":"","background-repeat":"repeat","background-position":"center center","background-size":"auto","background-attachment":"scroll","background-type":"","background-media":"","overlay-type":"","overlay-color":"","overlay-opacity":"","overlay-gradient":""},"tablet":{"background-color":"var(--ast-global-color-5)","background-image":"","background-repeat":"repeat","background-position":"center center","background-size":"auto","background-attachment":"scroll","background-type":"","background-media":"","overlay-type":"","overlay-color":"","overlay-opacity":"","overlay-gradient":""},"mobile":{"background-color":"var(--ast-global-color-5)","background-image":"","background-repeat":"repeat","background-position":"center center","background-size":"auto","background-attachment":"scroll","background-type":"","background-media":"","overlay-type":"","overlay-color":"","overlay-opacity":"","overlay-gradient":""}},"footnotes":""},"class_list":["post-913","page","type-page","status-publish","hentry"],"uagb_featured_image_src":{"full":false,"thumbnail":false,"medium":false,"medium_large":false,"large":false,"1536x1536":false,"2048x2048":false,"trp-custom-language-flag":false,"woocommerce_thumbnail":false,"woocommerce_single":false,"woocommerce_gallery_thumbnail":false},"uagb_author_info":{"display_name":"melanievipullas@gmail.com","author_link":"https:\/\/astourismtransport.com\/en\/author\/melanievipullasgmail-com\/"},"uagb_comment_info":0,"uagb_excerpt":"Qui\u00e9nes somos? La Aventura detr\u00e1s de A.S. Tourism Transport Service Misi\u00f3n Proporcionar a los turistas en Ecuador un servicio de transporte seguro, c\u00f3modo y eficiente, garantizando una experiencia de viaje inolvidable Visi\u00f3n Nuestros Valores A.S. Tourism Transport Service es tu socio de confianza para explorar Ecuador. Nos especializamos en ofrecer un servicio de transporte privado,&hellip;","_links":{"self":[{"href":"https:\/\/astourismtransport.com\/en\/wp-json\/wp\/v2\/pages\/913","targetHints":{"allow":["GET"]}}],"collection":[{"href":"https:\/\/astourismtransport.com\/en\/wp-json\/wp\/v2\/pages"}],"about":[{"href":"https:\/\/astourismtransport.com\/en\/wp-json\/wp\/v2\/types\/page"}],"author":[{"embeddable":true,"href":"https:\/\/astourismtransport.com\/en\/wp-json\/wp\/v2\/users\/1"}],"replies":[{"embeddable":true,"href":"https:\/\/astourismtransport.com\/en\/wp-json\/wp\/v2\/comments?post=913"}],"version-history":[{"count":8,"href":"https:\/\/astourismtransport.com\/en\/wp-json\/wp\/v2\/pages\/913\/revisions"}],"predecessor-version":[{"id":1706,"href":"https:\/\/astourismtransport.com\/en\/wp-json\/wp\/v2\/pages\/913\/revisions\/1706"}],"wp:attachment":[{"href":"https:\/\/astourismtransport.com\/en\/wp-json\/wp\/v2\/media?parent=913"}],"curies":[{"name":"wp","href":"https:\/\/api.w.org\/{rel}","templated":true}]}}